{"id":144,"date":"2021-12-19T23:29:53","date_gmt":"2021-12-19T23:29:53","guid":{"rendered":"https:\/\/klaxon.art.br\/?page_id=144"},"modified":"2025-04-24T22:01:24","modified_gmt":"2025-04-24T22:01:24","slug":"sobre","status":"publish","type":"page","link":"https:\/\/klaxon.art.br\/en\/sobre\/","title":{"rendered":"About Us"},"content":{"rendered":"<div data-elementor-type=\"wp-page\" data-elementor-id=\"144\" class=\"elementor elementor-144\" data-elementor-post-type=\"page\">\n\t\t\t\t\t\t<section class=\"elementor-section elementor-top-section elementor-element elementor-element-748bc49 elementor-section-full_width elementor-section-height-default elementor-section-height-default\" data-id=\"748bc49\" data-element_type=\"section\">\n\t\t\t\t\t\t<div class=\"elementor-container elementor-column-gap-default\">\n\t\t\t\t\t<div class=\"elementor-column elementor-col-100 elementor-top-column elementor-element elementor-element-1ee6d71\" data-id=\"1ee6d71\" data-element_type=\"column\">\n\t\t\t<div class=\"elementor-widget-wrap elementor-element-populated\">\n\t\t\t\t\t\t<div class=\"elementor-element elementor-element-b6b1e11 elementor-widget elementor-widget-heading\" data-id=\"b6b1e11\" data-element_type=\"widget\" data-widget_type=\"heading.default\">\n\t\t\t\t<div class=\"elementor-widget-container\">\n\t\t\t\t\t<h2 class=\"elementor-heading-title elementor-size-default\">About Us<\/h2>\t\t\t\t<\/div>\n\t\t\t\t<\/div>\n\t\t\t\t<div class=\"elementor-element elementor-element-76c332c elementor-widget elementor-widget-text-editor\" data-id=\"76c332c\" data-element_type=\"widget\" data-widget_type=\"text-editor.default\">\n\t\t\t\t<div class=\"elementor-widget-container\">\n\t\t\t\t\t\t\t\t\t<p><span style=\"font-weight: 400;\">Klaxon was founded in 2008 <\/span><span style=\"font-weight: 400;\">with the mission of contributing to the development of the audiovisual sector through the development and production of films and the organization of workshops and exhibitions. <\/span><span style=\"font-weight: 400;\">In its first years of activity, <\/span><span style=\"font-weight: 400;\">the company produced important exhibitions and film festivals in the same period when it started to organize<\/span><span style=\"font-weight: 400;\"> workshops and development labs in various formats for professionals from the audiovisual sector. During four years, Klaxon produced project development lab as a part of the Cultura Inglesa Festival programme, and in the meantime, organized the first edition of BrLab in 2011. <\/span><\/p>\n<p><span style=\"font-weight: 400;\">Between 2008 and 2012, the company put up more than twenty film exhibitions and retrospectives from important directors such as Chris Marker (2009), Marguerite Duras (2009), Luc Moullet (2011) and Peter Forg\u00e1cs (2012), sponsored by Banco do Brasil, CAIXA, the City Hall of S\u00e3o Paulo, among others, and screened at Centro Cultural Banco do Brasil, CAIXA Cultural, Cine Olido, Cinemateca Brasileira, in different cities.&nbsp;<\/span><\/p>\n<p><span style=\"font-weight: 400;\">In 2012, Klaxon started to produce films, dedicating itself to the development and to the production of auteur audiovisual projects. Since then, it has release seven feature films directed by talents from different countries in Latin America, which were shown and awarded in various festivals and had both national and international distribution. Its catalog also features projects which are currently in different stages of development, funding, production and post-production.<\/span><\/p>\n<p><span style=\"font-weight: 400;\">Klaxon is the company responsible for the annual organization of BrLab - Project Development Lab in Brazil, an audiovisual market and learning event which is a notorious space in Latin America that promotes the development and the acceleration of audiovisual projects and talents. BrLab promotes various workshops and international meetings in its programme, including project and editing development workshops, co-production meetings, and several activities open to the public such as lectures and debates, organized in-person and made available online afterwards to make the event more democratic and accessible. Beyond the main event, BrLab also promotes regional activities in different states of Brasil, publishings and initiatives in partnership with renowned institutions.<\/span><\/p>\n<p><span style=\"font-weight: 400;\">BrLab also has a publishing label that expands its mission in the dissemination and democratization of content and knowledge. The books launched are focused especially on the area of \u200b\u200baudiovisual scriptwriting, including special editions of the scripts of A Wolf at the Door (Fernando Coimbra, 2013) and The Second Mother (Anna Muylaert, 2015) and a book of interviews with the renowned Cuban screenwriter and script doctor Eliseo Altunaga.<\/span><\/p>\n<p><span style=\"font-weight: 400;\">In 2015, Klaxon was hired by ANCINE through a public call to coordinate, manage and execute eight laboratories for the development of feature-length films and series of fiction, documentaries and animation projects. The laboratories, located in the cities of S\u00e3o Paulo, Rio de Janeiro and Porto Alegre, enabled the development of new methodologies for monitoring more than 80 projects in partnership with Ancine over the period of two years. The company developed an expertise in organizing and coordinating project development programs that is been applied in different workshops and iniciatives.&nbsp;<\/span><\/p>\t\t\t\t\t\t\t\t<\/div>\n\t\t\t\t<\/div>\n\t\t\t\t<div class=\"elementor-element elementor-element-814869f elementor-widget-divider--view-line elementor-widget elementor-widget-divider\" data-id=\"814869f\" data-element_type=\"widget\" data-widget_type=\"divider.default\">\n\t\t\t\t<div class=\"elementor-widget-container\">\n\t\t\t\t\t\t\t<div class=\"elementor-divider\">\n\t\t\t<span class=\"elementor-divider-separator\">\n\t\t\t\t\t\t<\/span>\n\t\t<\/div>\n\t\t\t\t\t\t<\/div>\n\t\t\t\t<\/div>\n\t\t\t\t\t<\/div>\n\t\t<\/div>\n\t\t\t\t\t<\/div>\n\t\t<\/section>\n\t\t\t\t<section class=\"elementor-section elementor-top-section elementor-element elementor-element-360dbdb elementor-section-full_width elementor-section-height-default elementor-section-height-default\" data-id=\"360dbdb\" data-element_type=\"section\">\n\t\t\t\t\t\t<div class=\"elementor-container elementor-column-gap-default\">\n\t\t\t\t\t<div class=\"elementor-column elementor-col-33 elementor-top-column elementor-element elementor-element-5785209\" data-id=\"5785209\" data-element_type=\"column\">\n\t\t\t<div class=\"elementor-widget-wrap elementor-element-populated\">\n\t\t\t\t\t\t<div class=\"elementor-element elementor-element-49e4e0e elementor-widget__width-initial elementor-widget elementor-widget-image\" data-id=\"49e4e0e\" data-element_type=\"widget\" data-widget_type=\"image.default\">\n\t\t\t\t<div class=\"elementor-widget-container\">\n\t\t\t\t\t\t\t\t\t\t\t\t\t\t\t<img fetchpriority=\"high\" decoding=\"async\" width=\"354\" height=\"472\" src=\"https:\/\/klaxon.art.br\/wp-content\/uploads\/2025\/03\/3X4_Rafael-Sampaio_IMG_2041.jpg\" class=\"attachment-full size-full wp-image-523\" alt=\"\" srcset=\"https:\/\/klaxon.art.br\/wp-content\/uploads\/2025\/03\/3X4_Rafael-Sampaio_IMG_2041.jpg 354w, https:\/\/klaxon.art.br\/wp-content\/uploads\/2025\/03\/3X4_Rafael-Sampaio_IMG_2041-225x300.jpg 225w, https:\/\/klaxon.art.br\/wp-content\/uploads\/2025\/03\/3X4_Rafael-Sampaio_IMG_2041-9x12.jpg 9w\" sizes=\"(max-width: 354px) 100vw, 354px\" \/>\t\t\t\t\t\t\t\t\t\t\t\t\t\t\t<\/div>\n\t\t\t\t<\/div>\n\t\t\t\t<div class=\"elementor-element elementor-element-736f6fc elementor-widget__width-initial elementor-absolute elementor-widget elementor-widget-heading\" data-id=\"736f6fc\" data-element_type=\"widget\" data-settings=\"{&quot;_position&quot;:&quot;absolute&quot;}\" data-widget_type=\"heading.default\">\n\t\t\t\t<div class=\"elementor-widget-container\">\n\t\t\t\t\t<h5 class=\"elementor-heading-title elementor-size-default\">Rafael Sampaio<\/h5>\t\t\t\t<\/div>\n\t\t\t\t<\/div>\n\t\t\t\t\t<\/div>\n\t\t<\/div>\n\t\t\t\t<div class=\"elementor-column elementor-col-33 elementor-top-column elementor-element elementor-element-70c46bf\" data-id=\"70c46bf\" data-element_type=\"column\">\n\t\t\t<div class=\"elementor-widget-wrap elementor-element-populated\">\n\t\t\t\t\t\t<div class=\"elementor-element elementor-element-beff33b elementor-widget-divider--view-line elementor-widget elementor-widget-divider\" data-id=\"beff33b\" data-element_type=\"widget\" data-widget_type=\"divider.default\">\n\t\t\t\t<div class=\"elementor-widget-container\">\n\t\t\t\t\t\t\t<div class=\"elementor-divider\">\n\t\t\t<span class=\"elementor-divider-separator\">\n\t\t\t\t\t\t<\/span>\n\t\t<\/div>\n\t\t\t\t\t\t<\/div>\n\t\t\t\t<\/div>\n\t\t\t\t\t<\/div>\n\t\t<\/div>\n\t\t\t\t<div class=\"elementor-column elementor-col-33 elementor-top-column elementor-element elementor-element-fc9132f\" data-id=\"fc9132f\" data-element_type=\"column\">\n\t\t\t<div class=\"elementor-widget-wrap elementor-element-populated\">\n\t\t\t\t\t\t<div class=\"elementor-element elementor-element-e3639a1 elementor-widget elementor-widget-text-editor\" data-id=\"e3639a1\" data-element_type=\"widget\" data-widget_type=\"text-editor.default\">\n\t\t\t\t<div class=\"elementor-widget-container\">\n\t\t\t\t\t\t\t\t\t<p><span style=\"font-weight: 400;\">Rafael Sampaio is the director of BrLab, as well as a film producer and the founder of Klaxon Cultura Audiovisual. He has worked as a producer and programmer in cultural spaces such as the MIS-SP, the Brazilian Cinematheque, and Cine Olido, among other exhibitions and festivals such as Festival Mix Brasil da Diversidade Sexual, Festival Jodorowsky, Jornada Brasileira de Cinema Silencioso and Mostra Cinema e Direitos Humanos na Am\u00e9rica do Sul, among others. He also works as a coordinator for courses and platforms for audiovisual education, such as the Project Development Laboratories of Prodav 04 for the Brazilian Film Agency \u2013 Ancine\/FSA, as well as for BrLab, an audiovisual project development lab which he created and has produced and directed since 2011. Rafael has produced films such as \u2018On Wheels\u2019 (2017), directed by Mauro D\u2019Addio, and Let It Burn\u2019 (2019), directed by Ma\u00edra B\u00fchler, and co-produced films such as \u201cFiebre\u201d (2022), directed by Elisa Eliash, and \u201cZafari\u201d (2024), directed by Mariana Rond\u00f3n, among others, through Klaxon. He was responsible for the Brazilian coordination of the G\u00f6teborg Film Fund and is a member of the reading and evaluation committee of the Hubert Bals Fund (2022), Proimagenes Colombia (2019), Cinergia (2013), CnCine (2014), among others. Graduated in Film, he completed a postgraduate degree in Audiovisual Studies in Spain, and recently specialized in Audience Design at different institutions. In 2023, he was selected by the Ministry of France for Residence Culture, a professional exchange program for cultural managers.\u00a0<\/span><\/p>\t\t\t\t\t\t\t\t<\/div>\n\t\t\t\t<\/div>\n\t\t\t\t\t<\/div>\n\t\t<\/div>\n\t\t\t\t\t<\/div>\n\t\t<\/section>\n\t\t\t\t<\/div>","protected":false},"excerpt":{"rendered":"<p>SOBRE N\u00d3s A Klaxon foi fundada em 2008 com o objetivo de contribuir com o desenvolvimento do setor audiovisual, atrav\u00e9s do desenvolvimento e produ\u00e7\u00e3o de filmes e da organiza\u00e7\u00e3o de eventos de forma\u00e7\u00e3o e difus\u00e3o. Nos primeiros anos de atividades, a empresa produziu importantes mostras e festivais de cinema, mesmo per\u00edodo em que passou a [&hellip;]<\/p>","protected":false},"author":1,"featured_media":0,"parent":0,"menu_order":0,"comment_status":"closed","ping_status":"closed","template":"elementor_header_footer","meta":{"_acf_changed":false,"_themeisle_gutenberg_block_has_review":false,"footnotes":""},"class_list":["post-144","page","type-page","status-publish","hentry"],"acf":[],"_links":{"self":[{"href":"https:\/\/klaxon.art.br\/en\/wp-json\/wp\/v2\/pages\/144","targetHints":{"allow":["GET"]}}],"collection":[{"href":"https:\/\/klaxon.art.br\/en\/wp-json\/wp\/v2\/pages"}],"about":[{"href":"https:\/\/klaxon.art.br\/en\/wp-json\/wp\/v2\/types\/page"}],"author":[{"embeddable":true,"href":"https:\/\/klaxon.art.br\/en\/wp-json\/wp\/v2\/users\/1"}],"replies":[{"embeddable":true,"href":"https:\/\/klaxon.art.br\/en\/wp-json\/wp\/v2\/comments?post=144"}],"version-history":[{"count":0,"href":"https:\/\/klaxon.art.br\/en\/wp-json\/wp\/v2\/pages\/144\/revisions"}],"wp:attachment":[{"href":"https:\/\/klaxon.art.br\/en\/wp-json\/wp\/v2\/media?parent=144"}],"curies":[{"name":"wp","href":"https:\/\/api.w.org\/{rel}","templated":true}]}}