{"id":24,"date":"2021-12-19T21:08:39","date_gmt":"2021-12-19T21:08:39","guid":{"rendered":"https:\/\/klaxon.art.br\/?page_id=24"},"modified":"2025-07-21T15:05:26","modified_gmt":"2025-07-21T15:05:26","slug":"home","status":"publish","type":"page","link":"https:\/\/klaxon.art.br\/en\/","title":{"rendered":"Home"},"content":{"rendered":"<div data-elementor-type=\"wp-page\" data-elementor-id=\"24\" class=\"elementor elementor-24\" data-elementor-post-type=\"page\">\n\t\t\t\t\t\t<section class=\"elementor-section elementor-top-section elementor-element elementor-element-b0e8079 elementor-section-full_width elementor-section-height-min-height elementor-section-height-default elementor-section-items-middle\" data-id=\"b0e8079\" data-element_type=\"section\">\n\t\t\t\t\t\t<div class=\"elementor-container elementor-column-gap-no\">\n\t\t\t\t\t<div class=\"elementor-column elementor-col-100 elementor-top-column elementor-element elementor-element-9dbe658\" data-id=\"9dbe658\" data-element_type=\"column\">\n\t\t\t<div class=\"elementor-widget-wrap elementor-element-populated\">\n\t\t\t\t\t\t<div class=\"elementor-element elementor-element-ba58319 elementor--v-position-bottom elementor-arrows-position-inside elementor-pagination-position-inside elementor-widget elementor-widget-slides\" data-id=\"ba58319\" data-element_type=\"widget\" data-settings=\"{&quot;autoplay_speed&quot;:3017,&quot;transition&quot;:&quot;fade&quot;,&quot;transition_speed&quot;:1511,&quot;navigation&quot;:&quot;both&quot;,&quot;autoplay&quot;:&quot;yes&quot;,&quot;pause_on_hover&quot;:&quot;yes&quot;,&quot;pause_on_interaction&quot;:&quot;yes&quot;,&quot;infinite&quot;:&quot;yes&quot;}\" data-widget_type=\"slides.default\">\n\t\t\t\t<div class=\"elementor-widget-container\">\n\t\t\t\t\t\t\t<div class=\"elementor-swiper\">\n\t\t\t<div class=\"elementor-slides-wrapper elementor-main-swiper swiper-container\" dir=\"ltr\" data-animation=\"fadeInUp\">\n\t\t\t\t<div class=\"swiper-wrapper elementor-slides\">\n\t\t\t\t\t\t\t\t\t\t<div class=\"elementor-repeater-item-2d09be5 swiper-slide\"><div class=\"swiper-slide-bg\" role=\"img\"><\/div><a class=\"swiper-slide-inner\" href=\"https:\/\/klaxon.art.br\/en\/formacao\/brlab\/\"><div class=\"swiper-slide-contents\"><div class=\"elementor-slide-heading\">BrLab - 15 years<\/div><div class=\"elementor-slide-description\">Film lab and market event<\/div><\/div><\/a><\/div><div class=\"elementor-repeater-item-cf62515 swiper-slide\"><div class=\"swiper-slide-bg\" role=\"img\"><\/div><a class=\"swiper-slide-inner\" href=\"https:\/\/klaxon.art.br\/en\/audiovisual\/zafari\/\"><div class=\"swiper-slide-contents\"><div class=\"elementor-slide-heading\">Zafari<\/div><div class=\"elementor-slide-description\">Directed by Mariana Rond\u00f3n (Peru\/Mexico\/Brazil\/France\/Chile\/Dominican Republic, 2024, 100 min)<\/div><\/div><\/a><\/div><div class=\"elementor-repeater-item-0d630a0 swiper-slide\"><div class=\"swiper-slide-bg\" role=\"img\"><\/div><a class=\"swiper-slide-inner\" href=\"https:\/\/klaxon.art.br\/en\/audiovisual\/fiebre\/\"><div class=\"swiper-slide-contents\"><div class=\"elementor-slide-heading\">Fever<\/div><div class=\"elementor-slide-description\">Directed by Elisa Eliash (Chile\/Brazil\/Peru, 2023, 84 min)<\/div><\/div><\/a><\/div><div class=\"elementor-repeater-item-04df6e4 swiper-slide\"><div class=\"swiper-slide-bg\" role=\"img\"><\/div><a class=\"swiper-slide-inner\" href=\"https:\/\/klaxon.art.br\/en\/audiovisual\/contatado\/\"><div class=\"swiper-slide-contents\"><div class=\"elementor-slide-heading\">Contactado <\/div><div class=\"elementor-slide-description\">Directed by Marit\u00e9 Ug\u00e1s (Peru\/Brazil\/Norway, 2021, 90 min)<\/div><\/div><\/a><\/div><div class=\"elementor-repeater-item-9f238be swiper-slide\"><div class=\"swiper-slide-bg\" role=\"img\"><\/div><a class=\"swiper-slide-inner\" href=\"https:\/\/klaxon.art.br\/en\/audiovisual\/diz-a-ela-que-me-viu-chorar\/\"><div class=\"swiper-slide-contents\"><div class=\"elementor-slide-heading\">Let It Burn<\/div><div class=\"elementor-slide-description\">Directed by Ma\u00edra B\u00fchler (Brazil, 2019, 82 min)<\/div><\/div><\/a><\/div><div class=\"elementor-repeater-item-21862c4 swiper-slide\"><div class=\"swiper-slide-bg\" role=\"img\"><\/div><a class=\"swiper-slide-inner\" href=\"https:\/\/klaxon.art.br\/en\/audiovisual\/sobre-rodas\/\"><div class=\"swiper-slide-contents\"><div class=\"elementor-slide-heading\">On Wheels<\/div><div class=\"elementor-slide-description\">Directed by Mauro D'Addio (Brazil, 2017, 75 min)<\/div><\/div><\/a><\/div><div class=\"elementor-repeater-item-be57033 swiper-slide\"><div class=\"swiper-slide-bg\" role=\"img\"><\/div><a class=\"swiper-slide-inner\" href=\"https:\/\/klaxon.art.br\/en\/audiovisual\/eugenia\/\"><div class=\"swiper-slide-contents\"><div class=\"elementor-slide-heading\">Eugenia<\/div><div class=\"elementor-slide-description\">Directed by Mart\u00edn Boulocq (Bolivia\/Brazil, 2017, 82 min)<\/div><\/div><\/a><\/div><div class=\"elementor-repeater-item-cd88772 swiper-slide\"><div class=\"swiper-slide-bg\" role=\"img\"><\/div><a class=\"swiper-slide-inner\" href=\"https:\/\/klaxon.art.br\/en\/audiovisual\/um-casamento\/\"><div class=\"swiper-slide-contents\"><div class=\"elementor-slide-heading\">A Marriage<\/div><div class=\"elementor-slide-description\">Directed by M\u00f4nica Sim\u00f5es (Brazil, 2016, 80 min)<\/div><\/div><\/a><\/div>\t\t\t\t<\/div>\n\t\t\t\t\t\t\t\t\t\t\t\t\t\t\t<div class=\"swiper-pagination\"><\/div>\n\t\t\t\t\t\t\t\t\t\t\t\t\t\t\t\t<div class=\"elementor-swiper-button elementor-swiper-button-prev\" role=\"button\" tabindex=\"0\">\n\t\t\t\t\t\t\t<i aria-hidden=\"true\" class=\"eicon-chevron-left\"><\/i>\t\t\t\t\t\t\t<span class=\"elementor-screen-only\">Project Development Lab and Audiovisual Market Event<\/span>\n\t\t\t\t\t\t<\/div>\n\t\t\t\t\t\t<div class=\"elementor-swiper-button elementor-swiper-button-next\" role=\"button\" tabindex=\"0\">\n\t\t\t\t\t\t\t<i aria-hidden=\"true\" class=\"eicon-chevron-right\"><\/i>\t\t\t\t\t\t\t<span class=\"elementor-screen-only\">Next slide<\/span>\n\t\t\t\t\t\t<\/div>\n\t\t\t\t\t\t\t\t\t\t\t\t<\/div>\n\t\t<\/div>\n\t\t\t\t\t\t<\/div>\n\t\t\t\t<\/div>\n\t\t\t\t\t<\/div>\n\t\t<\/div>\n\t\t\t\t\t<\/div>\n\t\t<\/section>\n\t\t\t\t<section class=\"elementor-section elementor-top-section elementor-element elementor-element-2523a14 elementor-section-full_width elementor-section-height-default elementor-section-height-default\" data-id=\"2523a14\" data-element_type=\"section\">\n\t\t\t\t\t\t<div class=\"elementor-container elementor-column-gap-default\">\n\t\t\t\t\t<div class=\"elementor-column elementor-col-100 elementor-top-column elementor-element elementor-element-f9d059c\" data-id=\"f9d059c\" data-element_type=\"column\">\n\t\t\t<div class=\"elementor-widget-wrap elementor-element-populated\">\n\t\t\t\t\t\t<div class=\"elementor-element elementor-element-e80c5bc elementor-widget elementor-widget-heading\" data-id=\"e80c5bc\" data-element_type=\"widget\" data-widget_type=\"heading.default\">\n\t\t\t\t<div class=\"elementor-widget-container\">\n\t\t\t\t\t<h2 class=\"elementor-heading-title elementor-size-default\">ABOUT US<\/h2>\t\t\t\t<\/div>\n\t\t\t\t<\/div>\n\t\t\t\t<div class=\"elementor-element elementor-element-233853f elementor-widget elementor-widget-text-editor\" data-id=\"233853f\" data-element_type=\"widget\" data-widget_type=\"text-editor.default\">\n\t\t\t\t<div class=\"elementor-widget-container\">\n\t\t\t\t\t\t\t\t\t<p><span style=\"font-weight: 400;\">Klaxon was founded in 2008 by Rafael Sampaio <\/span><span style=\"font-weight: 400;\">with the mission of contributing to the development <\/span><span style=\"font-weight: 400;\">of the audiovisual sector, through the organization of workshops, labs and exhibitions, and the production of its own audiovisual works. In its first years of activity, the company organized important exhibitions and film festivals, as well as workshops and labs in different formats, which lead up to the creation of BrLab in 2011.<\/span><\/p><p><span style=\"font-weight: 400;\">Currently, the company has a diverse catalog of films produced and released in different countries, and various projects from Brazilian and international talents in different stages of development, funding and production. <\/span><span style=\"font-weight: 400;\">The company is <\/span>also responsible for organizing BrLab, a relevant international film market and project development event, among other labs and workshops. \u00a0<\/p>\t\t\t\t\t\t\t\t<\/div>\n\t\t\t\t<\/div>\n\t\t\t\t\t<\/div>\n\t\t<\/div>\n\t\t\t\t\t<\/div>\n\t\t<\/section>\n\t\t\t\t<section class=\"elementor-section elementor-top-section elementor-element elementor-element-6fce737 elementor-section-full_width elementor-section-height-default elementor-section-height-default\" data-id=\"6fce737\" data-element_type=\"section\">\n\t\t\t\t\t\t<div class=\"elementor-container elementor-column-gap-default\">\n\t\t\t\t\t<div class=\"elementor-column elementor-col-100 elementor-top-column elementor-element elementor-element-b3e972c\" data-id=\"b3e972c\" data-element_type=\"column\">\n\t\t\t<div class=\"elementor-widget-wrap elementor-element-populated\">\n\t\t\t\t\t\t<div class=\"elementor-element elementor-element-cc0b549 elementor-widget elementor-widget-heading\" data-id=\"cc0b549\" data-element_type=\"widget\" id=\"contato\" data-widget_type=\"heading.default\">\n\t\t\t\t<div class=\"elementor-widget-container\">\n\t\t\t\t\t<h2 class=\"elementor-heading-title elementor-size-default\">Contact<\/h2>\t\t\t\t<\/div>\n\t\t\t\t<\/div>\n\t\t\t\t<div class=\"elementor-element elementor-element-aae6191 elementor-button-align-start elementor-widget elementor-widget-form\" data-id=\"aae6191\" data-element_type=\"widget\" data-settings=\"{&quot;step_next_label&quot;:&quot;Next&quot;,&quot;step_previous_label&quot;:&quot;Previous&quot;,&quot;button_width&quot;:&quot;100&quot;,&quot;step_type&quot;:&quot;number_text&quot;,&quot;step_icon_shape&quot;:&quot;circle&quot;}\" data-widget_type=\"form.default\">\n\t\t\t\t<div class=\"elementor-widget-container\">\n\t\t\t\t\t\t\t<form class=\"elementor-form\" method=\"post\" name=\"New Form\" action=\"\">\n\t\t\t<input type=\"hidden\" name=\"post_id\" value=\"24\"\/>\n\t\t\t<input type=\"hidden\" name=\"form_id\" value=\"aae6191\"\/>\n\t\t\t<input type=\"hidden\" name=\"referer_title\" value=\"\" \/>\n\n\t\t\t\n\t\t\t<div class=\"elementor-form-fields-wrapper elementor-labels-above\">\n\t\t\t\t\t\t\t\t<div class=\"elementor-field-type-text elementor-field-group elementor-column elementor-field-group-name elementor-col-100\">\n\t\t\t\t\t\t\t\t\t\t\t\t\t<input size=\"1\" type=\"text\" name=\"form_fields[name]\" id=\"form-field-name\" class=\"elementor-field elementor-size-sm  elementor-field-textual\" placeholder=\"Name\">\n\t\t\t\t\t\t\t\t\t\t\t<\/div>\n\t\t\t\t\t\t\t\t<div class=\"elementor-field-type-email elementor-field-group elementor-column elementor-field-group-email elementor-col-100 elementor-field-required\">\n\t\t\t\t\t\t\t\t\t\t\t\t\t<input size=\"1\" type=\"email\" name=\"form_fields[email]\" id=\"form-field-email\" class=\"elementor-field elementor-size-sm  elementor-field-textual\" placeholder=\"E-mail\" required=\"required\" aria-required=\"true\">\n\t\t\t\t\t\t\t\t\t\t\t<\/div>\n\t\t\t\t\t\t\t\t<div class=\"elementor-field-type-textarea elementor-field-group elementor-column elementor-field-group-message elementor-col-100\">\n\t\t\t\t\t<textarea class=\"elementor-field-textual elementor-field  elementor-size-sm\" name=\"form_fields[message]\" id=\"form-field-message\" rows=\"4\" placeholder=\"Message\"><\/textarea>\t\t\t\t<\/div>\n\t\t\t\t\t\t\t\t<div class=\"elementor-field-type-recaptcha_v3 elementor-field-group elementor-column elementor-field-group-field_3ad483b elementor-col-100 recaptcha_v3-bottomright\">\n\t\t\t\t\t<div class=\"elementor-field\" id=\"form-field-field_3ad483b\"><div class=\"elementor-g-recaptcha\" data-sitekey=\"6LcBDM4gAAAAAP3idUds9ibfojQieJQswKsl4K-d\" data-type=\"v3\" data-action=\"Form\" data-badge=\"bottomright\" data-size=\"invisible\"><\/div><\/div>\t\t\t\t<\/div>\n\t\t\t\t\t\t\t\t<div class=\"elementor-field-group elementor-column elementor-field-type-submit elementor-col-100 e-form__buttons\">\n\t\t\t\t\t<button type=\"submit\" class=\"elementor-button elementor-size-sm\">\n\t\t\t\t\t\t<span >\n\t\t\t\t\t\t\t\t\t\t\t\t\t\t\t<span class=\"elementor-button-icon\">\n\t\t\t\t\t\t\t\t\t\t\t\t\t\t\t\t\t\t\t\t\t\t\t\t\t\t<\/span>\n\t\t\t\t\t\t\t\t\t\t\t\t\t\t\t\t\t\t\t\t\t\t<span class=\"elementor-button-text\">Send<\/span>\n\t\t\t\t\t\t\t\t\t\t\t\t\t<\/span>\n\t\t\t\t\t<\/button>\n\t\t\t\t<\/div>\n\t\t\t<\/div>\n\t\t<input type=\"hidden\" name=\"trp-form-language\" value=\"en\"\/><\/form>\n\t\t\t\t\t\t<\/div>\n\t\t\t\t<\/div>\n\t\t\t\t\t<\/div>\n\t\t<\/div>\n\t\t\t\t\t<\/div>\n\t\t<\/section>\n\t\t\t\t<\/div>","protected":false},"excerpt":{"rendered":"<p>BrLab &#8211; 15 anosLaborat\u00f3rio e evento de mercadoZafariDirigido por Mariana Rond\u00f3n (Peru\/M\u00e9xico\/Brasil\/Fran\u00e7a\/Chile\/Rep\u00fablica Dominicana, 2024, 100 min)FiebreDirigido por Elisa Eliash (Chile\/Brasil\/Peru, 2023, 84 min)Contatado Dirigido por Marit\u00e9 Ug\u00e1s (Peru\/Brasil\/Noruega, 2021, 90 min)Diz a Ela que me Viu ChorarDirigido por Ma\u00edra B\u00fchler (Brasil, 2019, 82 min)Sobre RodasDirigido por Mauro D&#8217;Addio (Brasil, 2017, 75 min)EugeniaDirigido por Mart\u00edn Boulocq [&hellip;]<\/p>","protected":false},"author":1,"featured_media":0,"parent":0,"menu_order":0,"comment_status":"closed","ping_status":"closed","template":"elementor_header_footer","meta":{"_acf_changed":false,"_themeisle_gutenberg_block_has_review":false,"footnotes":""},"class_list":["post-24","page","type-page","status-publish","hentry"],"acf":[],"_links":{"self":[{"href":"https:\/\/klaxon.art.br\/en\/wp-json\/wp\/v2\/pages\/24","targetHints":{"allow":["GET"]}}],"collection":[{"href":"https:\/\/klaxon.art.br\/en\/wp-json\/wp\/v2\/pages"}],"about":[{"href":"https:\/\/klaxon.art.br\/en\/wp-json\/wp\/v2\/types\/page"}],"author":[{"embeddable":true,"href":"https:\/\/klaxon.art.br\/en\/wp-json\/wp\/v2\/users\/1"}],"replies":[{"embeddable":true,"href":"https:\/\/klaxon.art.br\/en\/wp-json\/wp\/v2\/comments?post=24"}],"version-history":[{"count":0,"href":"https:\/\/klaxon.art.br\/en\/wp-json\/wp\/v2\/pages\/24\/revisions"}],"wp:attachment":[{"href":"https:\/\/klaxon.art.br\/en\/wp-json\/wp\/v2\/media?parent=24"}],"curies":[{"name":"wp","href":"https:\/\/api.w.org\/{rel}","templated":true}]}}