{"id":278,"date":"2021-12-24T02:18:55","date_gmt":"2021-12-24T02:18:55","guid":{"rendered":"https:\/\/klaxon.art.br\/?page_id=278"},"modified":"2025-07-21T16:06:19","modified_gmt":"2025-07-21T16:06:19","slug":"difusao","status":"publish","type":"page","link":"https:\/\/klaxon.art.br\/en\/difusao\/","title":{"rendered":"Exhibitions"},"content":{"rendered":"<div data-elementor-type=\"wp-page\" data-elementor-id=\"278\" class=\"elementor elementor-278\" data-elementor-post-type=\"page\">\n\t\t\t\t\t\t<section class=\"elementor-section elementor-top-section elementor-element elementor-element-a71a65d elementor-section-full_width elementor-section-height-default elementor-section-height-default\" data-id=\"a71a65d\" data-element_type=\"section\">\n\t\t\t\t\t\t<div class=\"elementor-container elementor-column-gap-no\">\n\t\t\t\t\t<div class=\"elementor-column elementor-col-33 elementor-top-column elementor-element elementor-element-ce8c781\" data-id=\"ce8c781\" data-element_type=\"column\">\n\t\t\t<div class=\"elementor-widget-wrap elementor-element-populated\">\n\t\t\t\t\t\t<div class=\"elementor-element elementor-element-7e5bf4e elementor-widget elementor-widget-heading\" data-id=\"7e5bf4e\" data-element_type=\"widget\" data-widget_type=\"heading.default\">\n\t\t\t\t<div class=\"elementor-widget-container\">\n\t\t\t\t\t<h2 class=\"elementor-heading-title elementor-size-default\">EXHIBITIONS<\/h2>\t\t\t\t<\/div>\n\t\t\t\t<\/div>\n\t\t\t\t<div class=\"elementor-element elementor-element-148230c elementor-widget elementor-widget-text-editor\" data-id=\"148230c\" data-element_type=\"widget\" data-widget_type=\"text-editor.default\">\n\t\t\t\t<div class=\"elementor-widget-container\">\n\t\t\t\t\t\t\t\t\t<div class=\"text\"><p>Klaxon Cultura Audiovisual focused its initial activities on the organization of broadcast and distribution projects such as film exhibitions, festivals and print publications. The company has organized more than 20 exhibitions and festivals, some of them listed here on the website, with the possibility of downloading their catalogs.<\/p><\/div>\t\t\t\t\t\t\t\t<\/div>\n\t\t\t\t<\/div>\n\t\t\t\t\t<\/div>\n\t\t<\/div>\n\t\t\t\t<div class=\"elementor-column elementor-col-66 elementor-top-column elementor-element elementor-element-cc38278\" data-id=\"cc38278\" data-element_type=\"column\">\n\t\t\t<div class=\"elementor-widget-wrap elementor-element-populated\">\n\t\t\t\t\t\t<div class=\"elementor-element elementor-element-c0920b1 elementor-grid-3 elementor-grid-tablet-2 elementor-grid-mobile-1 elementor-widget elementor-widget-portfolio\" data-id=\"c0920b1\" data-element_type=\"widget\" data-settings=\"{&quot;masonry&quot;:&quot;yes&quot;,&quot;columns&quot;:&quot;3&quot;,&quot;columns_tablet&quot;:&quot;2&quot;,&quot;columns_mobile&quot;:&quot;1&quot;,&quot;item_gap&quot;:{&quot;unit&quot;:&quot;px&quot;,&quot;size&quot;:&quot;&quot;,&quot;sizes&quot;:[]},&quot;row_gap&quot;:{&quot;unit&quot;:&quot;px&quot;,&quot;size&quot;:&quot;&quot;,&quot;sizes&quot;:[]}}\" data-widget_type=\"portfolio.default\">\n\t\t\t\t<div class=\"elementor-widget-container\">\n\t\t\t\t\t\t\t<div class=\"elementor-portfolio elementor-grid elementor-posts-container\">\n\t\t\t\t<article class=\"elementor-portfolio-item elementor-post  post-258 mostra type-mostra status-publish has-post-thumbnail hentry\">\n\t\t\t<a class=\"elementor-post__thumbnail__link\" href=\"https:\/\/klaxon.art.br\/en\/mostra\/mostra-brlab\/\">\n\t\t\t\t<div class=\"elementor-portfolio-item__img elementor-post__thumbnail\">\n\t\t\t<img decoding=\"async\" width=\"150\" height=\"150\" src=\"https:\/\/klaxon.art.br\/wp-content\/uploads\/2021\/12\/Screen-Shot-2017-03-20-at-17.13.48-150x150.png\" class=\"attachment-thumbnail size-thumbnail wp-image-259\" alt=\"\" \/>\t\t<\/div>\n\t\t\t\t<div class=\"elementor-portfolio-item__overlay\">\n\t\t\t\t<h3 class=\"elementor-portfolio-item__title\">\n\t\tMostra BrLab\t\t<\/h3>\n\t\t\t\t<\/div>\n\t\t\t\t<\/a>\n\t\t<\/article>\n\t\t\t\t<article class=\"elementor-portfolio-item elementor-post  post-362 mostra type-mostra status-publish has-post-thumbnail hentry\">\n\t\t\t<a class=\"elementor-post__thumbnail__link\" href=\"https:\/\/klaxon.art.br\/en\/mostra\/5-panorama-de-cinema-suico\/\">\n\t\t\t\t<div class=\"elementor-portfolio-item__img elementor-post__thumbnail\">\n\t\t\t<img decoding=\"async\" width=\"150\" height=\"150\" src=\"https:\/\/klaxon.art.br\/wp-content\/uploads\/2021\/12\/capa_panorama-suico-e1640315890694-150x150.jpg\" class=\"attachment-thumbnail size-thumbnail wp-image-364\" alt=\"\" \/>\t\t<\/div>\n\t\t\t\t<div class=\"elementor-portfolio-item__overlay\">\n\t\t\t\t<h3 class=\"elementor-portfolio-item__title\">\n\t\tContemporary Swiss Cinema Panorama\t\t<\/h3>\n\t\t\t\t<\/div>\n\t\t\t\t<\/a>\n\t\t<\/article>\n\t\t\t\t<article class=\"elementor-portfolio-item elementor-post  post-374 mostra type-mostra status-publish has-post-thumbnail hentry\">\n\t\t\t<a class=\"elementor-post__thumbnail__link\" href=\"https:\/\/klaxon.art.br\/en\/mostra\/pequenas-historias-da-vanguarda-downtown-new-york\/\">\n\t\t\t\t<div class=\"elementor-portfolio-item__img elementor-post__thumbnail\">\n\t\t\t<img decoding=\"async\" width=\"150\" height=\"150\" src=\"https:\/\/klaxon.art.br\/wp-content\/uploads\/2021\/12\/Downtown-NY_capa--150x150.jpg\" class=\"attachment-thumbnail size-thumbnail wp-image-379\" alt=\"\" \/>\t\t<\/div>\n\t\t\t\t<div class=\"elementor-portfolio-item__overlay\">\n\t\t\t\t<h3 class=\"elementor-portfolio-item__title\">\n\t\tLittle Stories of Vanguard - Downtown New York\t\t<\/h3>\n\t\t\t\t<\/div>\n\t\t\t\t<\/a>\n\t\t<\/article>\n\t\t\t\t<article class=\"elementor-portfolio-item elementor-post  post-378 mostra type-mostra status-publish has-post-thumbnail hentry\">\n\t\t\t<a class=\"elementor-post__thumbnail__link\" href=\"https:\/\/klaxon.art.br\/en\/mostra\/semana-dos-realizadores-voos-do-cinema-brasileiro-contemporaneo\/\">\n\t\t\t\t<div class=\"elementor-portfolio-item__img elementor-post__thumbnail\">\n\t\t\t<img loading=\"lazy\" decoding=\"async\" width=\"150\" height=\"150\" src=\"https:\/\/klaxon.art.br\/wp-content\/uploads\/2021\/12\/semana-realizadores-150x150.jpg\" class=\"attachment-thumbnail size-thumbnail wp-image-381\" alt=\"\" \/>\t\t<\/div>\n\t\t\t\t<div class=\"elementor-portfolio-item__overlay\">\n\t\t\t\t<h3 class=\"elementor-portfolio-item__title\">\n\t\tSemana dos Realizadores: Achievements of Contemporary Brazilian Cinema\t\t<\/h3>\n\t\t\t\t<\/div>\n\t\t\t\t<\/a>\n\t\t<\/article>\n\t\t\t\t<article class=\"elementor-portfolio-item elementor-post  post-402 mostra type-mostra status-publish has-post-thumbnail hentry\">\n\t\t\t<a class=\"elementor-post__thumbnail__link\" href=\"https:\/\/klaxon.art.br\/en\/mostra\/cine-mpb-documentarios-musicais-brasileiros\/\">\n\t\t\t\t<div class=\"elementor-portfolio-item__img elementor-post__thumbnail\">\n\t\t\t<img loading=\"lazy\" decoding=\"async\" width=\"150\" height=\"150\" src=\"https:\/\/klaxon.art.br\/wp-content\/uploads\/2021\/12\/Cine-MPB_livreto-progamac\u0327a\u0303o_rio_v6-150x150.png\" class=\"attachment-thumbnail size-thumbnail wp-image-405\" alt=\"\" \/>\t\t<\/div>\n\t\t\t\t<div class=\"elementor-portfolio-item__overlay\">\n\t\t\t\t<h3 class=\"elementor-portfolio-item__title\">\n\t\tCine MPB\t\t<\/h3>\n\t\t\t\t<\/div>\n\t\t\t\t<\/a>\n\t\t<\/article>\n\t\t\t\t<article class=\"elementor-portfolio-item elementor-post  post-408 mostra type-mostra status-publish has-post-thumbnail hentry\">\n\t\t\t<a class=\"elementor-post__thumbnail__link\" href=\"https:\/\/klaxon.art.br\/en\/mostra\/peter-forgacs-arquitetura-da-memoria\/\">\n\t\t\t\t<div class=\"elementor-portfolio-item__img elementor-post__thumbnail\">\n\t\t\t<img loading=\"lazy\" decoding=\"async\" width=\"150\" height=\"150\" src=\"https:\/\/klaxon.art.br\/wp-content\/uploads\/2021\/12\/peter-150x150.jpg\" class=\"attachment-thumbnail size-thumbnail wp-image-410\" alt=\"\" \/>\t\t<\/div>\n\t\t\t\t<div class=\"elementor-portfolio-item__overlay\">\n\t\t\t\t<h3 class=\"elementor-portfolio-item__title\">\n\t\tP\u00e9ter Forgacs - Architecture of Memory\t\t<\/h3>\n\t\t\t\t<\/div>\n\t\t\t\t<\/a>\n\t\t<\/article>\n\t\t\t\t<article class=\"elementor-portfolio-item elementor-post  post-382 mostra type-mostra status-publish has-post-thumbnail hentry\">\n\t\t\t<a class=\"elementor-post__thumbnail__link\" href=\"https:\/\/klaxon.art.br\/en\/mostra\/orfaos-da-embrafilme-o-cinema-que-quase-nao-existiu\/\">\n\t\t\t\t<div class=\"elementor-portfolio-item__img elementor-post__thumbnail\">\n\t\t\t<img loading=\"lazy\" decoding=\"async\" width=\"150\" height=\"150\" src=\"https:\/\/klaxon.art.br\/wp-content\/uploads\/2021\/12\/orfaos-da-embrafilme-150x150.jpg\" class=\"attachment-thumbnail size-thumbnail wp-image-383\" alt=\"\" \/>\t\t<\/div>\n\t\t\t\t<div class=\"elementor-portfolio-item__overlay\">\n\t\t\t\t<h3 class=\"elementor-portfolio-item__title\">\n\t\tEmbrafilme's Orphans - A Cinema that Nearly Failed to Exist\t\t<\/h3>\n\t\t\t\t<\/div>\n\t\t\t\t<\/a>\n\t\t<\/article>\n\t\t\t\t<article class=\"elementor-portfolio-item elementor-post  post-385 mostra type-mostra status-publish has-post-thumbnail hentry\">\n\t\t\t<a class=\"elementor-post__thumbnail__link\" href=\"https:\/\/klaxon.art.br\/en\/mostra\/marguerite-duras-escrever-imagens\/\">\n\t\t\t\t<div class=\"elementor-portfolio-item__img elementor-post__thumbnail\">\n\t\t\t<img loading=\"lazy\" decoding=\"async\" width=\"150\" height=\"150\" src=\"https:\/\/klaxon.art.br\/wp-content\/uploads\/2021\/12\/marguerite-duras-150x150.jpg\" class=\"attachment-thumbnail size-thumbnail wp-image-396\" alt=\"\" \/>\t\t<\/div>\n\t\t\t\t<div class=\"elementor-portfolio-item__overlay\">\n\t\t\t\t<h3 class=\"elementor-portfolio-item__title\">\n\t\tMarguerite Duras: Writing Images\t\t<\/h3>\n\t\t\t\t<\/div>\n\t\t\t\t<\/a>\n\t\t<\/article>\n\t\t\t\t<article class=\"elementor-portfolio-item elementor-post  post-387 mostra type-mostra status-publish has-post-thumbnail hentry\">\n\t\t\t<a class=\"elementor-post__thumbnail__link\" href=\"https:\/\/klaxon.art.br\/en\/mostra\/chris-marker-bricoleur-multimidia\/\">\n\t\t\t\t<div class=\"elementor-portfolio-item__img elementor-post__thumbnail\">\n\t\t\t<img loading=\"lazy\" decoding=\"async\" width=\"150\" height=\"150\" src=\"https:\/\/klaxon.art.br\/wp-content\/uploads\/2021\/12\/Catalogo_CrisMarker-150x150.jpg\" class=\"attachment-thumbnail size-thumbnail wp-image-389\" alt=\"\" \/>\t\t<\/div>\n\t\t\t\t<div class=\"elementor-portfolio-item__overlay\">\n\t\t\t\t<h3 class=\"elementor-portfolio-item__title\">\n\t\tChris Marker: Multimedia Bricoleur\t\t<\/h3>\n\t\t\t\t<\/div>\n\t\t\t\t<\/a>\n\t\t<\/article>\n\t\t\t\t<article class=\"elementor-portfolio-item elementor-post  post-390 mostra type-mostra status-publish has-post-thumbnail hentry\">\n\t\t\t<a class=\"elementor-post__thumbnail__link\" href=\"https:\/\/klaxon.art.br\/en\/mostra\/brasil-anos-80-cinema-e-video\/\">\n\t\t\t\t<div class=\"elementor-portfolio-item__img elementor-post__thumbnail\">\n\t\t\t<img loading=\"lazy\" decoding=\"async\" width=\"150\" height=\"150\" src=\"https:\/\/klaxon.art.br\/wp-content\/uploads\/2021\/12\/brasil-anos-80-150x150.jpg\" class=\"attachment-thumbnail size-thumbnail wp-image-392\" alt=\"\" \/>\t\t<\/div>\n\t\t\t\t<div class=\"elementor-portfolio-item__overlay\">\n\t\t\t\t<h3 class=\"elementor-portfolio-item__title\">\n\t\tBrazil in the 80s: Film and Video\t\t<\/h3>\n\t\t\t\t<\/div>\n\t\t\t\t<\/a>\n\t\t<\/article>\n\t\t\t\t<article class=\"elementor-portfolio-item elementor-post  post-393 mostra type-mostra status-publish has-post-thumbnail hentry\">\n\t\t\t<a class=\"elementor-post__thumbnail__link\" href=\"https:\/\/klaxon.art.br\/en\/mostra\/luc-moullet-cinema-de-contrabando\/\">\n\t\t\t\t<div class=\"elementor-portfolio-item__img elementor-post__thumbnail\">\n\t\t\t<img loading=\"lazy\" decoding=\"async\" width=\"150\" height=\"150\" src=\"https:\/\/klaxon.art.br\/wp-content\/uploads\/2021\/12\/Luc-moullet-150x150.jpg\" class=\"attachment-thumbnail size-thumbnail wp-image-395\" alt=\"\" \/>\t\t<\/div>\n\t\t\t\t<div class=\"elementor-portfolio-item__overlay\">\n\t\t\t\t<h3 class=\"elementor-portfolio-item__title\">\n\t\tLuc Moullet: Contraband Cinema\t\t<\/h3>\n\t\t\t\t<\/div>\n\t\t\t\t<\/a>\n\t\t<\/article>\n\t\t\t\t<article class=\"elementor-portfolio-item elementor-post  post-400 mostra type-mostra status-publish has-post-thumbnail hentry\">\n\t\t\t<a class=\"elementor-post__thumbnail__link\" href=\"https:\/\/klaxon.art.br\/en\/mostra\/a-estrategia-do-sonho-o-primeiro-cinema-de-bertolucci\/\">\n\t\t\t\t<div class=\"elementor-portfolio-item__img elementor-post__thumbnail\">\n\t\t\t<img loading=\"lazy\" decoding=\"async\" width=\"150\" height=\"150\" src=\"https:\/\/klaxon.art.br\/wp-content\/uploads\/2021\/12\/Bertolucci-150x150.png\" class=\"attachment-thumbnail size-thumbnail wp-image-401\" alt=\"\" \/>\t\t<\/div>\n\t\t\t\t<div class=\"elementor-portfolio-item__overlay\">\n\t\t\t\t<h3 class=\"elementor-portfolio-item__title\">\n\t\tDream Strategy: Bertolucci's Early Films\t\t<\/h3>\n\t\t\t\t<\/div>\n\t\t\t\t<\/a>\n\t\t<\/article>\n\t\t\t\t<article class=\"elementor-portfolio-item elementor-post  post-406 mostra type-mostra status-publish has-post-thumbnail hentry\">\n\t\t\t<a class=\"elementor-post__thumbnail__link\" href=\"https:\/\/klaxon.art.br\/en\/mostra\/primeira-semana-de-cinema-boliviano-de-sao-paulo\/\">\n\t\t\t\t<div class=\"elementor-portfolio-item__img elementor-post__thumbnail\">\n\t\t\t<img loading=\"lazy\" decoding=\"async\" width=\"150\" height=\"150\" src=\"https:\/\/klaxon.art.br\/wp-content\/uploads\/2021\/12\/boliviano-150x150.jpg\" class=\"attachment-thumbnail size-thumbnail wp-image-407\" alt=\"\" \/>\t\t<\/div>\n\t\t\t\t<div class=\"elementor-portfolio-item__overlay\">\n\t\t\t\t<h3 class=\"elementor-portfolio-item__title\">\n\t\tBolivian Cinema Week in S\u00e3o Paulo\t\t<\/h3>\n\t\t\t\t<\/div>\n\t\t\t\t<\/a>\n\t\t<\/article>\n\t\t\t\t<article class=\"elementor-portfolio-item elementor-post  post-411 mostra type-mostra status-publish has-post-thumbnail hentry\">\n\t\t\t<a class=\"elementor-post__thumbnail__link\" href=\"https:\/\/klaxon.art.br\/en\/mostra\/f-de-falso-nem-tudo-e-verdade\/\">\n\t\t\t\t<div class=\"elementor-portfolio-item__img elementor-post__thumbnail\">\n\t\t\t<img loading=\"lazy\" decoding=\"async\" width=\"150\" height=\"150\" src=\"https:\/\/klaxon.art.br\/wp-content\/uploads\/2021\/12\/fdefalso-150x150.jpg\" class=\"attachment-thumbnail size-thumbnail wp-image-413\" alt=\"\" \/>\t\t<\/div>\n\t\t\t\t<div class=\"elementor-portfolio-item__overlay\">\n\t\t\t\t<h3 class=\"elementor-portfolio-item__title\">\n\t\tF as in False - Not Everything is True\t\t<\/h3>\n\t\t\t\t<\/div>\n\t\t\t\t<\/a>\n\t\t<\/article>\n\t\t\t\t<article class=\"elementor-portfolio-item elementor-post  post-415 mostra type-mostra status-publish has-post-thumbnail hentry\">\n\t\t\t<a class=\"elementor-post__thumbnail__link\" href=\"https:\/\/klaxon.art.br\/en\/mostra\/baseado-em-caso-real\/\">\n\t\t\t\t<div class=\"elementor-portfolio-item__img elementor-post__thumbnail\">\n\t\t\t<img loading=\"lazy\" decoding=\"async\" width=\"150\" height=\"150\" src=\"https:\/\/klaxon.art.br\/wp-content\/uploads\/2021\/12\/baseado-150x150.jpg\" class=\"attachment-thumbnail size-thumbnail wp-image-417\" alt=\"\" \/>\t\t<\/div>\n\t\t\t\t<div class=\"elementor-portfolio-item__overlay\">\n\t\t\t\t<h3 class=\"elementor-portfolio-item__title\">\n\t\tBased on Actual Events\t\t<\/h3>\n\t\t\t\t<\/div>\n\t\t\t\t<\/a>\n\t\t<\/article>\n\t\t\t\t<\/div>\n\t\t\t\t\t\t<\/div>\n\t\t\t\t<\/div>\n\t\t\t\t\t<\/div>\n\t\t<\/div>\n\t\t\t\t\t<\/div>\n\t\t<\/section>\n\t\t\t\t<\/div>","protected":false},"excerpt":{"rendered":"<p>DIFUS\u00c3O A Klaxon Cultura Audiovisual teve suas atividades iniciais concentradas na organiza\u00e7\u00e3o de projetos de difus\u00e3o como mostras, festivais de cinema e publica\u00e7\u00f5es. Organizou mais de 20 mostras e festivais e alguns deles seguem listados aqui no site, com possibilidade de download de cat\u00e1logos.<\/p>","protected":false},"author":1,"featured_media":0,"parent":0,"menu_order":0,"comment_status":"closed","ping_status":"closed","template":"elementor_header_footer","meta":{"_acf_changed":false,"_themeisle_gutenberg_block_has_review":false,"footnotes":""},"class_list":["post-278","page","type-page","status-publish","hentry"],"acf":[],"_links":{"self":[{"href":"https:\/\/klaxon.art.br\/en\/wp-json\/wp\/v2\/pages\/278","targetHints":{"allow":["GET"]}}],"collection":[{"href":"https:\/\/klaxon.art.br\/en\/wp-json\/wp\/v2\/pages"}],"about":[{"href":"https:\/\/klaxon.art.br\/en\/wp-json\/wp\/v2\/types\/page"}],"author":[{"embeddable":true,"href":"https:\/\/klaxon.art.br\/en\/wp-json\/wp\/v2\/users\/1"}],"replies":[{"embeddable":true,"href":"https:\/\/klaxon.art.br\/en\/wp-json\/wp\/v2\/comments?post=278"}],"version-history":[{"count":0,"href":"https:\/\/klaxon.art.br\/en\/wp-json\/wp\/v2\/pages\/278\/revisions"}],"wp:attachment":[{"href":"https:\/\/klaxon.art.br\/en\/wp-json\/wp\/v2\/media?parent=278"}],"curies":[{"name":"wp","href":"https:\/\/api.w.org\/{rel}","templated":true}]}}